{"id":6,"date":"2022-09-22T10:44:18","date_gmt":"2022-09-22T08:44:18","guid":{"rendered":"http:\/\/ksiegowosc-opole.pl\/?page_id=6"},"modified":"2023-08-28T10:17:03","modified_gmt":"2023-08-28T08:17:03","slug":"glowna","status":"publish","type":"page","link":"http:\/\/ksiegowosc-opole.pl\/","title":{"rendered":"G\u0142\u00f3wna"},"content":{"rendered":"<div id=\"twoj_slideshow_69f29e56149d8\" class=\"twoj_slideshow\" data-auto=\"false\"  data-width=\"100%\" data-height=\"0\"  data-minwidth=\"300\" data-minheight=\"0\"  data-maxwidth=\"100%\" data-maxheight=\"0\"  data-ratio=\"3\/2\"  data-nav=\"dots\" data-allowfullscreen=\"false\"  data-transition=\"slide\"  data-transitionduration=\"235\"  data-loop=\"1\"  data-autoplay=\"3700\"  data-fit=\"contain\"  data-margin=\"38\"  data-thumbmargin=\"10\"  data-thumbborderwidth=\"0\"  data-thumbwidth=\"20\"   data-thumbheight=\"20\" ><a  href=\"http:\/\/ksiegowosc-opole.pl\/wp-content\/uploads\/2022\/12\/17-1.png\" ><img decoding=\"async\" loading=\"lazy\" src=\"http:\/\/ksiegowosc-opole.pl\/wp-content\/uploads\/2022\/12\/17-1-300x174.png\"  alt=\"17\" width=\"300\" height=\"174\"><\/a><a  href=\"http:\/\/ksiegowosc-opole.pl\/wp-content\/uploads\/2022\/12\/13.png\" ><img decoding=\"async\" loading=\"lazy\" src=\"http:\/\/ksiegowosc-opole.pl\/wp-content\/uploads\/2022\/12\/13-300x198.png\"  alt=\"13\" width=\"300\" height=\"198\"><\/a><a  href=\"http:\/\/ksiegowosc-opole.pl\/wp-content\/uploads\/2022\/12\/1.png\" ><img decoding=\"async\" loading=\"lazy\" src=\"http:\/\/ksiegowosc-opole.pl\/wp-content\/uploads\/2022\/12\/1-300x169.png\"  alt=\"1\" width=\"300\" height=\"169\"><\/a><a  href=\"http:\/\/ksiegowosc-opole.pl\/wp-content\/uploads\/2022\/12\/12.png\" ><img decoding=\"async\" loading=\"lazy\" src=\"http:\/\/ksiegowosc-opole.pl\/wp-content\/uploads\/2022\/12\/12-300x220.png\"  alt=\"12\" width=\"300\" height=\"220\"><\/a><a  href=\"http:\/\/ksiegowosc-opole.pl\/wp-content\/uploads\/2022\/12\/4.png\" ><img decoding=\"async\" loading=\"lazy\" src=\"http:\/\/ksiegowosc-opole.pl\/wp-content\/uploads\/2022\/12\/4-300x199.png\"  alt=\"4\" width=\"300\" height=\"199\"><\/a><\/div><div style=\"clear: both;\"><\/div><script>var twoj_slideshow_69f29e56149d8 = {}, twoj_slideshow_69f29e56149d8_css = \"\",\r\n\t\thead = document.head || document.getElementsByTagName(\"head\")[0],\r\n\t\tstyle = document.createElement(\"style\");\r\n\t\tstyle.type = \"text\/css\";\r\n\t\tif (style.styleSheet) style.styleSheet.cssText = twoj_slideshow_69f29e56149d8_css;\r\n\t\t\telse  style.appendChild(document.createTextNode(twoj_slideshow_69f29e56149d8_css));\r\n\t\thead.appendChild(style);<\/script>\n\n<ul class=\"wp-block-latest-posts__list is-grid columns-3 wp-block-latest-posts\"><li><a class=\"wp-block-latest-posts__post-title\" href=\"http:\/\/ksiegowosc-opole.pl\/?p=127\">Krajowy System e-Faktur<\/a><\/li>\n<li><a class=\"wp-block-latest-posts__post-title\" href=\"http:\/\/ksiegowosc-opole.pl\/?p=109\">Zmiana formy opodatkowania wstecz na skale podatkow\u0105 w 2022 roku<\/a><\/li>\n<li><a class=\"wp-block-latest-posts__post-title\" href=\"http:\/\/ksiegowosc-opole.pl\/?p=107\">Obowi\u0105zkowy ZUS PUE dla ka\u017cdego P\u0142atnika<\/a><\/li>\n<li><a class=\"wp-block-latest-posts__post-title\" href=\"http:\/\/ksiegowosc-opole.pl\/?p=105\">Termin wp\u0142aty rycza\u0142tu za grudzie\u0144 oraz za ostatni kwarta\u0142<\/a><\/li>\n<li><a class=\"wp-block-latest-posts__post-title\" href=\"http:\/\/ksiegowosc-opole.pl\/?p=101\">Czy warto by\u0107 VATowcem? Komu nie op\u0142aca si\u0119 zwolnienie z VATu?<\/a><\/li>\n<\/ul>","protected":false},"excerpt":{"rendered":"","protected":false},"author":1,"featured_media":0,"parent":0,"menu_order":0,"comment_status":"closed","ping_status":"closed","template":"","meta":{"site-sidebar-layout":"default","site-content-layout":"default","ast-global-header-display":"","ast-main-header-display":"","ast-hfb-above-header-display":"","ast-hfb-below-header-display":"","ast-hfb-mobile-header-display":"","site-post-title":"disabled","ast-breadcrumbs-content":"","ast-featured-img":"","footer-sml-layout":"","theme-transparent-header-meta":"","adv-header-id-meta":"","stick-header-meta":"","header-above-stick-meta":"","header-main-stick-meta":"","header-below-stick-meta":"","footnotes":""},"_links":{"self":[{"href":"http:\/\/ksiegowosc-opole.pl\/index.php?rest_route=\/wp\/v2\/pages\/6"}],"collection":[{"href":"http:\/\/ksiegowosc-opole.pl\/index.php?rest_route=\/wp\/v2\/pages"}],"about":[{"href":"http:\/\/ksiegowosc-opole.pl\/index.php?rest_route=\/wp\/v2\/types\/page"}],"author":[{"embeddable":true,"href":"http:\/\/ksiegowosc-opole.pl\/index.php?rest_route=\/wp\/v2\/users\/1"}],"replies":[{"embeddable":true,"href":"http:\/\/ksiegowosc-opole.pl\/index.php?rest_route=%2Fwp%2Fv2%2Fcomments&post=6"}],"version-history":[{"count":13,"href":"http:\/\/ksiegowosc-opole.pl\/index.php?rest_route=\/wp\/v2\/pages\/6\/revisions"}],"predecessor-version":[{"id":129,"href":"http:\/\/ksiegowosc-opole.pl\/index.php?rest_route=\/wp\/v2\/pages\/6\/revisions\/129"}],"wp:attachment":[{"href":"http:\/\/ksiegowosc-opole.pl\/index.php?rest_route=%2Fwp%2Fv2%2Fmedia&parent=6"}],"curies":[{"name":"wp","href":"https:\/\/api.w.org\/{rel}","templated":true}]}}